{"id":726,"date":"2023-10-18T01:27:47","date_gmt":"2023-10-18T05:27:47","guid":{"rendered":"https:\/\/stephaniemajor.com\/?page_id=726"},"modified":"2023-11-07T12:48:42","modified_gmt":"2023-11-07T17:48:42","slug":"a-propos","status":"publish","type":"page","link":"https:\/\/stephaniemajor.com\/index.php\/a-propos\/","title":{"rendered":"\u00c0 propos"},"content":{"rendered":"<div class=\"wpb-content-wrapper\">[vc_row thb_full_width=\u00a0\u00bbtrue\u00a0\u00bb thb_row_padding=\u00a0\u00bbtrue\u00a0\u00bb thb_column_padding=\u00a0\u00bbtrue\u00a0\u00bb full_height=\u00a0\u00bbyes\u00a0\u00bb columns_placement=\u00a0\u00bbtop\u00a0\u00bb content_placement=\u00a0\u00bbmiddle\u00a0\u00bb thb_divider_position=\u00a0\u00bbbottom\u00a0\u00bb][vc_column width=\u00a0\u00bb1\/2&Prime; animation=\u00a0\u00bbanimation fade-in\u00a0\u00bb el_class=\u00a0\u00bbfull-height\u00a0\u00bb css=\u00a0\u00bb.vc_custom_1697606253891{background-image: url(https:\/\/stephaniemajor.com\/wp-content\/uploads\/2023\/09\/EllaPhotography_SM_Portrait_0011-scaled.jpg?id=469) !important;background-position: center !important;background-repeat: no-repeat !important;background-size: cover !important;}\u00a0\u00bb][\/vc_column][vc_column width=\u00a0\u00bb1\/2&Prime; css=\u00a0\u00bb.vc_custom_1474311147448{padding-top: 12% !important;padding-right: 15% !important;padding-bottom: 19% !important;padding-left: 15% !important;}\u00a0\u00bb][vc_column_text]\n<div>\n<h4><strong><span lang=\"FR-CA\">Qui suis-je ?<\/span><\/strong><\/h4>\n<p>Petite fille de l\u2019Abitibi, je d\u00e9m\u00e9nage dans la m\u00e9tropole \u00e0 18\u00a0ans et je n\u2019ai jamais regard\u00e9 en arri\u00e8re. Toujours \u00e0 la recherche d\u2019occasions \u00e0 me d\u00e9velopper personnellement et dans ma carri\u00e8re, j\u2019adore la grande ville, mais l\u2019air frais des bois me permet de me recentrer. <strong>Je suis passionn\u00e9e, professionnelle, r\u00e9siliente et chaleureuse.<\/strong> J\u2019aime m\u2019assurer que mon entourage re\u00e7oit le meilleur de moi-m\u00eame et je r\u00e9sonne de ces m\u00eames qualit\u00e9s \u00e0 travers mes activit\u00e9s.<\/p>\n<p>Avec plus de<strong> vingt ans d&rsquo;exp\u00e9rience<\/strong> dans le domaine de l&rsquo;<strong>exp\u00e9rience client <\/strong>et <strong>connue pour<\/strong> <strong>penser en dehors des sentiers battus<\/strong>, j&rsquo;ai affin\u00e9 mes comp\u00e9tences en travaillant avec une vari\u00e9t\u00e9 de clients. Ma passion pour soutenir les entrepreneurs a vu le jour il y a huit ans dans le monde tr\u00e9pidant de la finance, o\u00f9 j&rsquo;ai eu le privil\u00e8ge d&rsquo;interagir avec des personnes tout aussi passionn\u00e9es que moi.<\/p>\n<p>Cette exp\u00e9rience m&rsquo;a permis d&rsquo;apprendre l&rsquo;art inestimable de comprendre les besoins commerciaux sp\u00e9cifiques et de cr\u00e9er des strat\u00e9gies sur mesure pour accompagner nos clients dans leurs projets. En poss\u00e9dant des <strong>dipl\u00f4mes en gestion d&rsquo;entreprises et de marketing,<\/strong> je combine mon expertise en exp\u00e9rience client avec l&rsquo;art du marketing et la science de la gestion.<\/p>\n<h4><strong><span lang=\"FR-CA\">Ce qui me distingue ?<\/span><\/strong><\/h4>\n<p>Voici la particularit\u00e9 : je ne suis pas li\u00e9 \u00e0 une grande agence, et je ne propose pas des solutions toutes faites. En tant que freelance, j\u2019apporte la <strong>flexibilit\u00e9<\/strong> et la touche <strong>personnalis\u00e9e<\/strong> que votre marque m\u00e9rite. Voici le secret : j&rsquo;utilise\u00a0des plateformes de consultation haut de gamme pour l&rsquo;analyse des industries, des ressources exceptionnelles que seules les grandes entreprises utilisent pour maximiser le succ\u00e8s de leur client\u00e8le.<\/p>\n<p>En combinant la cr\u00e9ativit\u00e9 du freelancing avec les informations inestimables de ces plateformes, je peux concevoir <strong>une pr\u00e9sence num\u00e9rique unique pour votre marque parfaitement adapt\u00e9e \u00e0 vos besoins<\/strong>. Ces donn\u00e9es me permettent de comprendre en profondeur votre secteur et de d\u00e9velopper des strat\u00e9gies sur mesure pour vous aider \u00e0 rendre votre transformation num\u00e9rique fluide et sans accroc.<\/p>\n<\/div>\n[\/vc_column_text][\/vc_column][\/vc_row]\n<\/div>","protected":false},"excerpt":{"rendered":"<p>[vc_row thb_full_width=\u00a0\u00bbtrue\u00a0\u00bb thb_row_padding=\u00a0\u00bbtrue\u00a0\u00bb thb_column_padding=\u00a0\u00bbtrue\u00a0\u00bb full_height=\u00a0\u00bbyes\u00a0\u00bb columns_placement=\u00a0\u00bbtop\u00a0\u00bb content_placement=\u00a0\u00bbmiddle\u00a0\u00bb thb_divider_position=\u00a0\u00bbbottom\u00a0\u00bb][vc_column width=\u00a0\u00bb1\/2&Prime; animation=\u00a0\u00bbanimation fade-in\u00a0\u00bb el_class=\u00a0\u00bbfull-height\u00a0\u00bb css=\u00a0\u00bb.vc_custom_1697606253891{background-image: url(https:\/\/stephaniemajor.com\/wp-content\/uploads\/2023\/09\/EllaPhotography_SM_Portrait_0011-scaled.jpg?id=469) !important;background-position: center !important;background-repeat: no-repeat !important;background-size: cover !important;}\u00a0\u00bb][\/vc_column][vc_column width=\u00a0\u00bb1\/2&Prime; css=\u00a0\u00bb.vc_custom_1474311147448{padding-top: 12% !important;padding-right: 15% !important;padding-bottom: 19% !important;padding-left: 15% !important;}\u00a0\u00bb][vc_column_text] Qui suis-je ? Petite fille de l\u2019Abitibi, je d\u00e9m\u00e9nage dans la m\u00e9tropole \u00e0 18\u00a0ans et je n\u2019ai jamais regard\u00e9 en arri\u00e8re. Toujours \u00e0 la&hellip;<\/p>\n","protected":false},"author":1,"featured_media":0,"parent":0,"menu_order":0,"comment_status":"closed","ping_status":"closed","template":"","meta":{"content-type":"","jetpack_post_was_ever_published":false,"footnotes":""},"class_list":["post-726","page","type-page","status-publish","hentry"],"jetpack_sharing_enabled":true,"_links":{"self":[{"href":"https:\/\/stephaniemajor.com\/index.php\/wp-json\/wp\/v2\/pages\/726","targetHints":{"allow":["GET"]}}],"collection":[{"href":"https:\/\/stephaniemajor.com\/index.php\/wp-json\/wp\/v2\/pages"}],"about":[{"href":"https:\/\/stephaniemajor.com\/index.php\/wp-json\/wp\/v2\/types\/page"}],"author":[{"embeddable":true,"href":"https:\/\/stephaniemajor.com\/index.php\/wp-json\/wp\/v2\/users\/1"}],"replies":[{"embeddable":true,"href":"https:\/\/stephaniemajor.com\/index.php\/wp-json\/wp\/v2\/comments?post=726"}],"version-history":[{"count":22,"href":"https:\/\/stephaniemajor.com\/index.php\/wp-json\/wp\/v2\/pages\/726\/revisions"}],"predecessor-version":[{"id":789,"href":"https:\/\/stephaniemajor.com\/index.php\/wp-json\/wp\/v2\/pages\/726\/revisions\/789"}],"wp:attachment":[{"href":"https:\/\/stephaniemajor.com\/index.php\/wp-json\/wp\/v2\/media?parent=726"}],"curies":[{"name":"wp","href":"https:\/\/api.w.org\/{rel}","templated":true}]}}